{"id":2,"date":"2018-04-23T09:48:59","date_gmt":"2018-04-23T07:48:59","guid":{"rendered":"http:\/\/papilio.com.pl\/?page_id=2"},"modified":"2025-02-16T17:40:34","modified_gmt":"2025-02-16T16:40:34","slug":"przykladowa-strona","status":"publish","type":"page","link":"https:\/\/papilio.com.pl\/index.php\/przykladowa-strona\/","title":{"rendered":"Cennik"},"content":{"rendered":"<p>Psychoterapia indywidualna 200 PLN<\/p>\n<p>Superwizja 200 PLN<\/p>\n<p>Psychoterapia grupowa 180 PLN za spotkanie grupy (dwie sesje 45 min ka\u017cda)<\/p>\n<p>Hipnoza 200 PLN<\/p>\n<p>Psychoterapia par (dw\u00f3ch terapeut\u00f3w) 400 PLN<\/p>\n<p>Psychoterapia rodziny (dw\u00f3ch terapeut\u00f3w) 400 PLN<\/p>\n<p>Konsultacja psychologiczna 200 PLN<\/p>\n<p>Konsultacja psychologiczna z u\u017cyciem narz\u0119dzi diagnostycznych &#8211; cena jest zale\u017cna do u\u017cytych narz\u0119dzi<\/p>\n","protected":false},"excerpt":{"rendered":"<p>Psychoterapia indywidualna 200 PLN Superwizja 200 PLN Psychoterapia grupowa 180 PLN za spotkanie grupy (dwie sesje 45 min ka\u017cda) Hipnoza 200 PLN Psychoterapia par (dw\u00f3ch terapeut\u00f3w) 400 PLN Psychoterapia rodziny (dw\u00f3ch terapeut\u00f3w) 400 PLN Konsultacja psychologiczna 200 PLN Konsultacja psychologiczna z u\u017cyciem narz\u0119dzi diagnostycznych &#8211; cena jest zale\u017cna do u\u017cytych [&hellip;]<\/p>\n","protected":false},"author":1,"featured_media":0,"parent":0,"menu_order":0,"comment_status":"closed","ping_status":"open","template":"","meta":{"footnotes":""},"class_list":["post-2","page","type-page","status-publish","hentry"],"_links":{"self":[{"href":"https:\/\/papilio.com.pl\/index.php\/wp-json\/wp\/v2\/pages\/2","targetHints":{"allow":["GET"]}}],"collection":[{"href":"https:\/\/papilio.com.pl\/index.php\/wp-json\/wp\/v2\/pages"}],"about":[{"href":"https:\/\/papilio.com.pl\/index.php\/wp-json\/wp\/v2\/types\/page"}],"author":[{"embeddable":true,"href":"https:\/\/papilio.com.pl\/index.php\/wp-json\/wp\/v2\/users\/1"}],"replies":[{"embeddable":true,"href":"https:\/\/papilio.com.pl\/index.php\/wp-json\/wp\/v2\/comments?post=2"}],"version-history":[{"count":11,"href":"https:\/\/papilio.com.pl\/index.php\/wp-json\/wp\/v2\/pages\/2\/revisions"}],"predecessor-version":[{"id":544,"href":"https:\/\/papilio.com.pl\/index.php\/wp-json\/wp\/v2\/pages\/2\/revisions\/544"}],"wp:attachment":[{"href":"https:\/\/papilio.com.pl\/index.php\/wp-json\/wp\/v2\/media?parent=2"}],"curies":[{"name":"wp","href":"https:\/\/api.w.org\/{rel}","templated":true}]}}