{"id":241,"date":"2018-05-07T11:14:25","date_gmt":"2018-05-07T09:14:25","guid":{"rendered":"http:\/\/papilio.com.pl\/index.php\/hestia-front\/"},"modified":"2025-02-16T17:53:30","modified_gmt":"2025-02-16T16:53:30","slug":"hestia-front","status":"publish","type":"page","link":"https:\/\/papilio.com.pl\/","title":{"rendered":"Home"},"content":{"rendered":"<h4 style=\"text-align: center\"><strong>Je\u015bli nie radzisz sobie z:<\/strong><\/h4>\n<p style=\"text-align: center\"><span style=\"font-size: 18px\">&#8211; zaburzeniami nerwicowymi, depresyjnymi, osobowo\u015bci,<\/span><\/p>\n<p style=\"text-align: center\"><span style=\"font-size: 18px\">-przezwyci\u0119\u017ceniem kryzys\u00f3w \u017cyciowych, ma\u0142\u017ce\u0144skich, rodzinnych,<\/span><\/p>\n<p style=\"text-align: center\"><span style=\"font-size: 18px\">-uzale\u017cnieniem od alkoholu i innych \u015brodk\u00f3w psychoaktywnych,<\/span><\/p>\n<p style=\"text-align: center\"><span style=\"font-size: 18px\">-uzale\u017cnieniem od Internetu, hazardu lub innych czynno\u015bci,<\/span><\/p>\n<p style=\"text-align: center\"><span style=\"font-size: 18px\">-radzeniem sobie ze z\u0142o\u015bci\u0105, l\u0119kiem, poczuciem winy,<\/span><\/p>\n<p style=\"text-align: center\"><span style=\"font-size: 18px\">-problemami seksualnymi,<\/span><\/p>\n<p style=\"text-align: center\"><span style=\"font-size: 18px\">-trudno\u015bciami wychowawczymi,<\/span><\/p>\n<p style=\"text-align: center\"><span style=\"font-size: 18px\">-zaburzeniami od\u017cywiania (anoreksja, bulimia, kompulsywne objadanie si\u0119),<\/span><\/p>\n<p style=\"text-align: center\"><span style=\"font-size: 18px\">-problemami doros\u0142ych dzieci alkoholik\u00f3w tzw. DDA,<\/span><\/p>\n<p style=\"text-align: center\"><span style=\"font-size: 18px\">-problemami wynikaj\u0105cymi z choroby nowotworowej,<\/span><\/p>\n<h4 style=\"text-align: center\"><strong>zg\u0142o\u015b si\u0119 do nas, pomo\u017cemy<\/strong><\/h4>\n<p style=\"text-align: center\">\n","protected":false},"excerpt":{"rendered":"<p>Je\u015bli nie radzisz sobie z: &#8211; zaburzeniami nerwicowymi, depresyjnymi, osobowo\u015bci, -przezwyci\u0119\u017ceniem kryzys\u00f3w \u017cyciowych, ma\u0142\u017ce\u0144skich, rodzinnych, -uzale\u017cnieniem od alkoholu i innych \u015brodk\u00f3w psychoaktywnych, -uzale\u017cnieniem od Internetu, hazardu lub innych czynno\u015bci, -radzeniem sobie ze z\u0142o\u015bci\u0105, l\u0119kiem, poczuciem winy, -problemami seksualnymi, -trudno\u015bciami wychowawczymi, -zaburzeniami od\u017cywiania (anoreksja, bulimia, kompulsywne objadanie si\u0119), -problemami doros\u0142ych dzieci [&hellip;]<\/p>\n","protected":false},"author":1,"featured_media":0,"parent":0,"menu_order":0,"comment_status":"closed","ping_status":"closed","template":"","meta":{"footnotes":""},"class_list":["post-241","page","type-page","status-publish","hentry"],"_links":{"self":[{"href":"https:\/\/papilio.com.pl\/index.php\/wp-json\/wp\/v2\/pages\/241","targetHints":{"allow":["GET"]}}],"collection":[{"href":"https:\/\/papilio.com.pl\/index.php\/wp-json\/wp\/v2\/pages"}],"about":[{"href":"https:\/\/papilio.com.pl\/index.php\/wp-json\/wp\/v2\/types\/page"}],"author":[{"embeddable":true,"href":"https:\/\/papilio.com.pl\/index.php\/wp-json\/wp\/v2\/users\/1"}],"replies":[{"embeddable":true,"href":"https:\/\/papilio.com.pl\/index.php\/wp-json\/wp\/v2\/comments?post=241"}],"version-history":[{"count":14,"href":"https:\/\/papilio.com.pl\/index.php\/wp-json\/wp\/v2\/pages\/241\/revisions"}],"predecessor-version":[{"id":549,"href":"https:\/\/papilio.com.pl\/index.php\/wp-json\/wp\/v2\/pages\/241\/revisions\/549"}],"wp:attachment":[{"href":"https:\/\/papilio.com.pl\/index.php\/wp-json\/wp\/v2\/media?parent=241"}],"curies":[{"name":"wp","href":"https:\/\/api.w.org\/{rel}","templated":true}]}}