{"id":27,"date":"2018-04-23T13:49:49","date_gmt":"2018-04-23T11:49:49","guid":{"rendered":"http:\/\/papilio.com.pl\/?page_id=27"},"modified":"2025-03-19T21:06:58","modified_gmt":"2025-03-19T20:06:58","slug":"zespol","status":"publish","type":"page","link":"https:\/\/papilio.com.pl\/index.php\/zespol\/","title":{"rendered":"Zesp\u00f3\u0142"},"content":{"rendered":"<div id=\"pl-27\"  class=\"panel-layout\" ><div id=\"pg-27-0\"  class=\"panel-grid panel-no-style\" ><div id=\"pgc-27-0-0\"  class=\"panel-grid-cell\" ><div id=\"panel-27-0-0-0\" class=\"so-panel widget widget_sow-image panel-first-child panel-last-child\" data-index=\"0\" ><div\n\t\t\t\n\t\t\tclass=\"so-widget-sow-image so-widget-sow-image-default-8b5b6f678277-27\"\n\t\t\t\n\t\t>\n<div class=\"sow-image-container\">\n\t\t<img \n\tsrc=\"https:\/\/papilio.com.pl\/wp-content\/uploads\/2025\/03\/2018-06-09_8480-kopia.jpg\" width=\"1766\" height=\"1276\" srcset=\"https:\/\/papilio.com.pl\/wp-content\/uploads\/2025\/03\/2018-06-09_8480-kopia.jpg 1766w, https:\/\/papilio.com.pl\/wp-content\/uploads\/2025\/03\/2018-06-09_8480-kopia-300x217.jpg 300w, https:\/\/papilio.com.pl\/wp-content\/uploads\/2025\/03\/2018-06-09_8480-kopia-1024x740.jpg 1024w, https:\/\/papilio.com.pl\/wp-content\/uploads\/2025\/03\/2018-06-09_8480-kopia-768x555.jpg 768w, https:\/\/papilio.com.pl\/wp-content\/uploads\/2025\/03\/2018-06-09_8480-kopia-1536x1110.jpg 1536w\" sizes=\"(max-width: 1766px) 100vw, 1766px\" alt=\"\" \t\tclass=\"so-widget-image\"\/>\n\t<\/div>\n\n<\/div><\/div><\/div><\/div><div id=\"pg-27-1\"  class=\"panel-grid panel-no-style\" ><div id=\"pgc-27-1-0\"  class=\"panel-grid-cell\" ><div id=\"panel-27-1-0-0\" class=\"so-panel widget widget_sow-editor panel-first-child panel-last-child\" data-index=\"1\" ><div\n\t\t\t\n\t\t\tclass=\"so-widget-sow-editor so-widget-sow-editor-base\"\n\t\t\t\n\t\t>\n<div class=\"siteorigin-widget-tinymce textwidget\">\n\t<div class=\"blog-post \">\n<div class=\"container\">\n<article id=\"post-27\" class=\"section section-text\">\n<div class=\"row\">\n<div class=\"col-md-8 col-md-offset-2 page-content-wrap\">\n<div id=\"pl-27\" class=\"panel-layout\">\n<div id=\"pg-27-0\" class=\"panel-grid panel-no-style\">\n<div id=\"pgc-27-0-1\" class=\"panel-grid-cell\">\n<div id=\"panel-27-0-1-0\" class=\"so-panel widget widget_sow-editor panel-first-child panel-last-child\" data-index=\"1\">\n<div class=\"so-widget-sow-editor so-widget-sow-editor-base\">\n<div class=\"siteorigin-widget-tinymce textwidget\">\n<p>Nasz zesp\u00f3\u0142 tworz\u0105 certyfikowani psychoterapeuci i superwizorzy aplikanci Sekcji Naukowej Polskiego Towarzystwa Psychiatrycznego. Certyfikat to dokument potwierdzaj\u0105cy, \u017ce umiej\u0119tno\u015bci danego psychoterapeuty zosta\u0142y zweryfikowane, respektuje on <a href=\"http:\/\/www.sntr.org.pl\/userfiles\/file\/Kodeks%20etyczny%20pschoterapeuty.pdf\" class=\"customize-unpreviewable\">Kodeks Etyczny Psychoterapeuty PTP<\/a>, a jego praca podlega r\u00f3\u017cnym formom kontroli, m. in. superwizji.<\/p>\n<p>Nasi psychoterapeuci:<\/p>\n<p><a href=\"http:\/\/papilio.com.pl\/index.php\/jaroslaw-klin\/\" target=\"_self\"><strong>Jaros\u0142aw Klin<\/strong><\/a><\/p>\n<p><a href=\"http:\/\/papilio.com.pl\/index.php\/monika-ziezio\/\" target=\"_self\"><strong>Monika Zi\u0119zio<\/strong><\/a><\/p>\n<p>Zesp\u00f3\u0142 podlega superwizji.<\/p>\n<\/div>\n<\/div>\n<\/div>\n<\/div>\n<\/div>\n<\/div>\n<\/div>\n<\/div>\n<\/article>\n<\/div>\n<\/div>\n<\/div>\n<\/div><\/div><\/div><\/div><\/div>","protected":false},"excerpt":{"rendered":"<p>Nasz zesp\u00f3\u0142 tworz\u0105 certyfikowani psychoterapeuci i superwizorzy aplikanci Sekcji Naukowej Polskiego Towarzystwa Psychiatrycznego. Certyfikat to dokument potwierdzaj\u0105cy, \u017ce umiej\u0119tno\u015bci danego psychoterapeuty zosta\u0142y zweryfikowane, respektuje on Kodeks Etyczny Psychoterapeuty PTP, a jego praca podlega r\u00f3\u017cnym formom kontroli, m. in. superwizji. Nasi psychoterapeuci: Jaros\u0142aw Klin Monika Zi\u0119zio Zesp\u00f3\u0142 podlega superwizji.<\/p>\n","protected":false},"author":1,"featured_media":0,"parent":0,"menu_order":0,"comment_status":"closed","ping_status":"closed","template":"","meta":{"footnotes":""},"class_list":["post-27","page","type-page","status-publish","hentry"],"_links":{"self":[{"href":"https:\/\/papilio.com.pl\/index.php\/wp-json\/wp\/v2\/pages\/27","targetHints":{"allow":["GET"]}}],"collection":[{"href":"https:\/\/papilio.com.pl\/index.php\/wp-json\/wp\/v2\/pages"}],"about":[{"href":"https:\/\/papilio.com.pl\/index.php\/wp-json\/wp\/v2\/types\/page"}],"author":[{"embeddable":true,"href":"https:\/\/papilio.com.pl\/index.php\/wp-json\/wp\/v2\/users\/1"}],"replies":[{"embeddable":true,"href":"https:\/\/papilio.com.pl\/index.php\/wp-json\/wp\/v2\/comments?post=27"}],"version-history":[{"count":20,"href":"https:\/\/papilio.com.pl\/index.php\/wp-json\/wp\/v2\/pages\/27\/revisions"}],"predecessor-version":[{"id":554,"href":"https:\/\/papilio.com.pl\/index.php\/wp-json\/wp\/v2\/pages\/27\/revisions\/554"}],"wp:attachment":[{"href":"https:\/\/papilio.com.pl\/index.php\/wp-json\/wp\/v2\/media?parent=27"}],"curies":[{"name":"wp","href":"https:\/\/api.w.org\/{rel}","templated":true}]}}