{"id":270,"date":"2018-05-08T09:26:41","date_gmt":"2018-05-08T07:26:41","guid":{"rendered":"http:\/\/papilio.com.pl\/?page_id=270"},"modified":"2018-05-11T10:32:15","modified_gmt":"2018-05-11T08:32:15","slug":"psychoterapia","status":"publish","type":"page","link":"https:\/\/papilio.com.pl\/index.php\/psychoterapia\/","title":{"rendered":"Psychoterapia"},"content":{"rendered":"<p><span>Psychoterapia to forma oddzia\u0142ywania psychospo\u0142ecznego, skierowana do os\u00f3b potrzebuj\u0105cych pomocy w radzeniu sobie z trudn\u0105 sytuacj\u0105 i rozumieniem przyczyn napotykanych problem\u00f3w. Celem psychoterapii mo\u017ce by\u0107 zmiana zachowa\u0144 lub postaw, rozw\u00f3j kompetencji emocjonalnych (np. podniesienie poziomu samokontroli, radzenie sobie z l\u0119kami, stresem, depresj\u0105), spo\u0142ecznych (np. wsp\u00f3\u0142pracy i komunikowania si\u0119 z otoczeniem, nawi\u0105zywania relacji), poprawa motywacji do dzia\u0142ania.<\/span><\/p>\n","protected":false},"excerpt":{"rendered":"<p>Psychoterapia to forma oddzia\u0142ywania psychospo\u0142ecznego, skierowana do os\u00f3b potrzebuj\u0105cych pomocy w radzeniu sobie z trudn\u0105 sytuacj\u0105 i rozumieniem przyczyn napotykanych problem\u00f3w. Celem psychoterapii mo\u017ce by\u0107 zmiana zachowa\u0144 lub postaw, rozw\u00f3j kompetencji emocjonalnych (np. podniesienie poziomu samokontroli, radzenie sobie z l\u0119kami, stresem, depresj\u0105), spo\u0142ecznych (np. wsp\u00f3\u0142pracy i komunikowania si\u0119 z otoczeniem, [&hellip;]<\/p>\n","protected":false},"author":1,"featured_media":0,"parent":0,"menu_order":0,"comment_status":"closed","ping_status":"closed","template":"","meta":{"footnotes":""},"class_list":["post-270","page","type-page","status-publish","hentry"],"_links":{"self":[{"href":"https:\/\/papilio.com.pl\/index.php\/wp-json\/wp\/v2\/pages\/270","targetHints":{"allow":["GET"]}}],"collection":[{"href":"https:\/\/papilio.com.pl\/index.php\/wp-json\/wp\/v2\/pages"}],"about":[{"href":"https:\/\/papilio.com.pl\/index.php\/wp-json\/wp\/v2\/types\/page"}],"author":[{"embeddable":true,"href":"https:\/\/papilio.com.pl\/index.php\/wp-json\/wp\/v2\/users\/1"}],"replies":[{"embeddable":true,"href":"https:\/\/papilio.com.pl\/index.php\/wp-json\/wp\/v2\/comments?post=270"}],"version-history":[{"count":2,"href":"https:\/\/papilio.com.pl\/index.php\/wp-json\/wp\/v2\/pages\/270\/revisions"}],"predecessor-version":[{"id":333,"href":"https:\/\/papilio.com.pl\/index.php\/wp-json\/wp\/v2\/pages\/270\/revisions\/333"}],"wp:attachment":[{"href":"https:\/\/papilio.com.pl\/index.php\/wp-json\/wp\/v2\/media?parent=270"}],"curies":[{"name":"wp","href":"https:\/\/api.w.org\/{rel}","templated":true}]}}