{"id":271,"date":"2018-05-08T09:26:42","date_gmt":"2018-05-08T07:26:42","guid":{"rendered":"http:\/\/papilio.com.pl\/?page_id=271"},"modified":"2018-05-11T10:33:53","modified_gmt":"2018-05-11T08:33:53","slug":"hipnoza","status":"publish","type":"page","link":"https:\/\/papilio.com.pl\/index.php\/hipnoza\/","title":{"rendered":"Hipnoza"},"content":{"rendered":"<p><span>Hipnoza to stan psychiczny pomi\u0119dzy snem a jaw\u0105, charakteryzuj\u0105cy si\u0119 wzmo\u017con\u0105 podatno\u015bci\u0105 na sugesti\u0119. Termin hipnoza pochodzi od greckiego s\u0142owa hypnos, czyli sen. Hipnoza jest wykorzystywana w psychologii klinicznej i hipnoterapii, mi\u0119dzy innymi jako jedna z metod diagnozowania i leczenia zaburze\u0144 nerwicowych, terapii uzale\u017cnie\u0144, jako metoda u\u015bmierzania b\u00f3lu.<\/span><\/p>\n","protected":false},"excerpt":{"rendered":"<p>Hipnoza to stan psychiczny pomi\u0119dzy snem a jaw\u0105, charakteryzuj\u0105cy si\u0119 wzmo\u017con\u0105 podatno\u015bci\u0105 na sugesti\u0119. Termin hipnoza pochodzi od greckiego s\u0142owa hypnos, czyli sen. Hipnoza jest wykorzystywana w psychologii klinicznej i hipnoterapii, mi\u0119dzy innymi jako jedna z metod diagnozowania i leczenia zaburze\u0144 nerwicowych, terapii uzale\u017cnie\u0144, jako metoda u\u015bmierzania b\u00f3lu.<\/p>\n","protected":false},"author":1,"featured_media":0,"parent":0,"menu_order":0,"comment_status":"closed","ping_status":"closed","template":"","meta":{"footnotes":""},"class_list":["post-271","page","type-page","status-publish","hentry"],"_links":{"self":[{"href":"https:\/\/papilio.com.pl\/index.php\/wp-json\/wp\/v2\/pages\/271","targetHints":{"allow":["GET"]}}],"collection":[{"href":"https:\/\/papilio.com.pl\/index.php\/wp-json\/wp\/v2\/pages"}],"about":[{"href":"https:\/\/papilio.com.pl\/index.php\/wp-json\/wp\/v2\/types\/page"}],"author":[{"embeddable":true,"href":"https:\/\/papilio.com.pl\/index.php\/wp-json\/wp\/v2\/users\/1"}],"replies":[{"embeddable":true,"href":"https:\/\/papilio.com.pl\/index.php\/wp-json\/wp\/v2\/comments?post=271"}],"version-history":[{"count":2,"href":"https:\/\/papilio.com.pl\/index.php\/wp-json\/wp\/v2\/pages\/271\/revisions"}],"predecessor-version":[{"id":334,"href":"https:\/\/papilio.com.pl\/index.php\/wp-json\/wp\/v2\/pages\/271\/revisions\/334"}],"wp:attachment":[{"href":"https:\/\/papilio.com.pl\/index.php\/wp-json\/wp\/v2\/media?parent=271"}],"curies":[{"name":"wp","href":"https:\/\/api.w.org\/{rel}","templated":true}]}}