{"id":272,"date":"2018-05-08T09:26:44","date_gmt":"2018-05-08T07:26:44","guid":{"rendered":"http:\/\/papilio.com.pl\/?page_id=272"},"modified":"2018-05-11T10:35:28","modified_gmt":"2018-05-11T08:35:28","slug":"interwencja-kryzysowa","status":"publish","type":"page","link":"https:\/\/papilio.com.pl\/index.php\/interwencja-kryzysowa\/","title":{"rendered":"Interwencja kryzysowa"},"content":{"rendered":"<p><span>Interwencja kryzysowa to kr\u00f3tkotrwa\u0142e, dora\u017ane dzia\u0142anie, kt\u00f3re ma na celu udzielenie natychmiastowej pomocy osobie, kt\u00f3ra znalaz\u0142a si\u0119 w sytuacji kryzysowej i utraci\u0142a podstawowe poczucie bezpiecze\u0144stwa oraz nie potrafi znale\u017a\u0107 sposobu poradzenia sobie z kryzysem. Interwencja kryzysowa cz\u0119sto jest pierwszym etapem pomocy psycho\u00adlogicznej i mo\u017ce by\u0107 wst\u0119pem do psycho\u00adterapii.<\/span><\/p>\n","protected":false},"excerpt":{"rendered":"<p>Interwencja kryzysowa to kr\u00f3tkotrwa\u0142e, dora\u017ane dzia\u0142anie, kt\u00f3re ma na celu udzielenie natychmiastowej pomocy osobie, kt\u00f3ra znalaz\u0142a si\u0119 w sytuacji kryzysowej i utraci\u0142a podstawowe poczucie bezpiecze\u0144stwa oraz nie potrafi znale\u017a\u0107 sposobu poradzenia sobie z kryzysem. Interwencja kryzysowa cz\u0119sto jest pierwszym etapem pomocy psycho\u00adlogicznej i mo\u017ce by\u0107 wst\u0119pem do psycho\u00adterapii.<\/p>\n","protected":false},"author":1,"featured_media":0,"parent":0,"menu_order":0,"comment_status":"closed","ping_status":"closed","template":"","meta":{"footnotes":""},"class_list":["post-272","page","type-page","status-publish","hentry"],"_links":{"self":[{"href":"https:\/\/papilio.com.pl\/index.php\/wp-json\/wp\/v2\/pages\/272","targetHints":{"allow":["GET"]}}],"collection":[{"href":"https:\/\/papilio.com.pl\/index.php\/wp-json\/wp\/v2\/pages"}],"about":[{"href":"https:\/\/papilio.com.pl\/index.php\/wp-json\/wp\/v2\/types\/page"}],"author":[{"embeddable":true,"href":"https:\/\/papilio.com.pl\/index.php\/wp-json\/wp\/v2\/users\/1"}],"replies":[{"embeddable":true,"href":"https:\/\/papilio.com.pl\/index.php\/wp-json\/wp\/v2\/comments?post=272"}],"version-history":[{"count":2,"href":"https:\/\/papilio.com.pl\/index.php\/wp-json\/wp\/v2\/pages\/272\/revisions"}],"predecessor-version":[{"id":335,"href":"https:\/\/papilio.com.pl\/index.php\/wp-json\/wp\/v2\/pages\/272\/revisions\/335"}],"wp:attachment":[{"href":"https:\/\/papilio.com.pl\/index.php\/wp-json\/wp\/v2\/media?parent=272"}],"curies":[{"name":"wp","href":"https:\/\/api.w.org\/{rel}","templated":true}]}}