{"id":273,"date":"2018-05-08T09:26:45","date_gmt":"2018-05-08T07:26:45","guid":{"rendered":"http:\/\/papilio.com.pl\/?page_id=273"},"modified":"2021-03-21T14:43:08","modified_gmt":"2021-03-21T13:43:08","slug":"monika-ziezio","status":"publish","type":"page","link":"https:\/\/papilio.com.pl\/index.php\/monika-ziezio\/","title":{"rendered":"Monika Zi\u0119zio"},"content":{"rendered":"<div id=\"pl-273\"  class=\"panel-layout\" ><div id=\"pg-273-0\"  class=\"panel-grid panel-no-style\" ><div id=\"pgc-273-0-0\"  class=\"panel-grid-cell\" ><div id=\"panel-273-0-0-0\" class=\"so-panel widget widget_sow-image panel-first-child panel-last-child\" data-index=\"0\" ><div\n\t\t\t\n\t\t\tclass=\"so-widget-sow-image so-widget-sow-image-default-8b5b6f678277-273\"\n\t\t\t\n\t\t>\n<div class=\"sow-image-container\">\n\t\t<img \n\tsrc=\"https:\/\/papilio.com.pl\/wp-content\/uploads\/2018\/07\/2018-06-09_8282.jpg\" width=\"2208\" height=\"3000\" srcset=\"https:\/\/papilio.com.pl\/wp-content\/uploads\/2018\/07\/2018-06-09_8282.jpg 2208w, https:\/\/papilio.com.pl\/wp-content\/uploads\/2018\/07\/2018-06-09_8282-221x300.jpg 221w, https:\/\/papilio.com.pl\/wp-content\/uploads\/2018\/07\/2018-06-09_8282-768x1043.jpg 768w, https:\/\/papilio.com.pl\/wp-content\/uploads\/2018\/07\/2018-06-09_8282-754x1024.jpg 754w\" sizes=\"(max-width: 2208px) 100vw, 2208px\" alt=\"\" \t\tclass=\"so-widget-image\"\/>\n\t<\/div>\n\n<\/div><\/div><\/div><div id=\"pgc-273-0-1\"  class=\"panel-grid-cell\" ><div id=\"panel-273-0-1-0\" class=\"so-panel widget widget_sow-editor panel-first-child panel-last-child\" data-index=\"1\" ><div\n\t\t\t\n\t\t\tclass=\"so-widget-sow-editor so-widget-sow-editor-base\"\n\t\t\t\n\t\t>\n<div class=\"siteorigin-widget-tinymce textwidget\">\n\t<p><span>Jestem psychologiem, psychoterapeut\u0105 z certyfikatem Polskiego Towarzystwa Psychiatrycznego (nr 677), Superwizorem Aplikantem Polskiego Towarzystwa Psychiatrycznego. Uko\u0144czy\u0142am czteroletnie Podyplomowe Studia z Psychoterapii w Katedrze Psychoterapii na Uniwersytecie Jagiello\u0144skim w Krakowie, gdzie uczy\u0142am si\u0119 r\u00f3wnie\u017c leczenia hipnoz\u0105. Jestem certyfikowanym\u00a0psychoonkologiem Polskiego Towarzystwa Psychoonkologicznego (nr 84), a w maju 2017 r. uko\u0144czy\u0142am czteroletnie Studia Specjalizacyjne z Psychologii Klinicznej na Uniwersytecie Medycznym w Lublinie.<span class=\"Apple-converted-space\">\u00a0<\/span><\/span><\/p>\n<p><span>Po studiach psychologicznych rozpocz\u0119\u0142am prac\u0119 w Poradni Psychologicznej Centrum Onkologii w Lublinie, by\u0142o to dla mnie cennym, siedemnastoletnim do\u015bwiadczeniem zawodowym i \u017cyciowym. Podejmowa\u0142am r\u00f3wnie\u017c prac\u0119 w stowarzyszeniach i fundacji na terenie Lublina, prowadz\u0105c psychoterapi\u0119 indywidualn\u0105 i grupy psychoterapeutyczne. Ostatnio prowadz\u0119 ju\u017c tylko psychoterapi\u0119 w Gabinetach Papilio, pod regularn\u0105 superwizj\u0105 Superwizora Polskiego Towarzystwa Psychiatrycznego. W pracy wykorzystuj\u0119 r\u00f3\u017cne metody i techniki psychologiczne, dostosowane do potrzeb pacjenta i relacji terapeutycznej. <span class=\"Apple-converted-space\">\u00a0 \u00a0<\/span><\/span><\/p>\n<p><span>Prowadz\u0119 konsultacje i poradnictwo psychologiczne, psychoterapi\u0119 indywidualn\u0105, grupow\u0105 oraz par, leczenie hipnoz\u0105.<\/span><\/p>\n<p><span>tel. 603 173 217<\/span><\/p>\n<\/div>\n<\/div><\/div><\/div><\/div><\/div>","protected":false},"excerpt":{"rendered":"<p>Jestem psychologiem, psychoterapeut\u0105 z certyfikatem Polskiego Towarzystwa Psychiatrycznego (nr 677), Superwizorem Aplikantem Polskiego Towarzystwa Psychiatrycznego. Uko\u0144czy\u0142am czteroletnie Podyplomowe Studia z Psychoterapii w Katedrze Psychoterapii na Uniwersytecie Jagiello\u0144skim w Krakowie, gdzie uczy\u0142am si\u0119 r\u00f3wnie\u017c leczenia hipnoz\u0105. Jestem certyfikowanym\u00a0psychoonkologiem Polskiego Towarzystwa Psychoonkologicznego (nr 84), a w maju 2017 r. uko\u0144czy\u0142am czteroletnie Studia [&hellip;]<\/p>\n","protected":false},"author":1,"featured_media":0,"parent":0,"menu_order":0,"comment_status":"closed","ping_status":"closed","template":"","meta":{"footnotes":""},"class_list":["post-273","page","type-page","status-publish","hentry"],"_links":{"self":[{"href":"https:\/\/papilio.com.pl\/index.php\/wp-json\/wp\/v2\/pages\/273","targetHints":{"allow":["GET"]}}],"collection":[{"href":"https:\/\/papilio.com.pl\/index.php\/wp-json\/wp\/v2\/pages"}],"about":[{"href":"https:\/\/papilio.com.pl\/index.php\/wp-json\/wp\/v2\/types\/page"}],"author":[{"embeddable":true,"href":"https:\/\/papilio.com.pl\/index.php\/wp-json\/wp\/v2\/users\/1"}],"replies":[{"embeddable":true,"href":"https:\/\/papilio.com.pl\/index.php\/wp-json\/wp\/v2\/comments?post=273"}],"version-history":[{"count":8,"href":"https:\/\/papilio.com.pl\/index.php\/wp-json\/wp\/v2\/pages\/273\/revisions"}],"predecessor-version":[{"id":522,"href":"https:\/\/papilio.com.pl\/index.php\/wp-json\/wp\/v2\/pages\/273\/revisions\/522"}],"wp:attachment":[{"href":"https:\/\/papilio.com.pl\/index.php\/wp-json\/wp\/v2\/media?parent=273"}],"curies":[{"name":"wp","href":"https:\/\/api.w.org\/{rel}","templated":true}]}}