{"id":49,"date":"2018-04-24T08:00:02","date_gmt":"2018-04-24T06:00:02","guid":{"rendered":"http:\/\/papilio.com.pl\/?page_id=49"},"modified":"2019-01-31T11:30:09","modified_gmt":"2019-01-31T10:30:09","slug":"kontakt","status":"publish","type":"page","link":"https:\/\/papilio.com.pl\/index.php\/kontakt\/","title":{"rendered":"Kontakt"},"content":{"rendered":"<div id=\"pl-49\"  class=\"panel-layout\" ><div id=\"pg-49-0\"  class=\"panel-grid panel-no-style\" ><div id=\"pgc-49-0-0\"  class=\"panel-grid-cell\" ><div id=\"panel-49-0-0-0\" class=\"so-panel widget widget_text panel-first-child\" data-index=\"0\" ><h3 class=\"widget-title\">Adres:<\/h3>\t\t\t<div class=\"textwidget\"><p><strong>ul. Chopina 39\/2,<\/strong><br \/>\n<strong> 20-023 Lublin<\/strong><\/p>\n<p>Znajdujemy si\u0119 w centrum Lublina, w bliskim s\u0105siedztwie CH Plaza. Mo\u017cliwo\u015b\u0107 parkowania jest na pobliskich uliczkach, jak r\u00f3wnie\u017c na parkingu w CH Plaza.<\/p>\n<\/div>\n\t\t<\/div><div id=\"panel-49-0-0-1\" class=\"so-panel widget widget_text panel-last-child\" data-index=\"1\" ><h3 class=\"widget-title\">Telefon:<\/h3>\t\t\t<div class=\"textwidget\"><p><strong>795 053 231<\/strong><\/p>\n<p>Jeste\u015bmy dost\u0119pni telefonicznie dla Ciebie od godz. 8:00 do 20:00 od poniedzia\u0142ku do pi\u0105tku. Je\u015bli nie odbierzemy telefonu, jak to b\u0119dzie tylko mo\u017cliwe oddzwonimy do Ciebie.<\/p>\n<\/div>\n\t\t<\/div><\/div><div id=\"pgc-49-0-1\"  class=\"panel-grid-cell\" ><div id=\"panel-49-0-1-0\" class=\"so-panel widget panel-first-child panel-last-child\" data-index=\"2\" ><\/div><\/div><\/div><\/div>","protected":false},"excerpt":{"rendered":"<p>ul. Chopina 39\/2, 20-023 Lublin Znajdujemy si\u0119 w centrum Lublina, w bliskim s\u0105siedztwie CH Plaza. Mo\u017cliwo\u015b\u0107 parkowania jest na pobliskich uliczkach, jak r\u00f3wnie\u017c na parkingu w CH Plaza. 795 053 231 Jeste\u015bmy dost\u0119pni telefonicznie dla Ciebie od godz. 8:00 do 20:00 od poniedzia\u0142ku do pi\u0105tku. Je\u015bli nie odbierzemy telefonu, jak [&hellip;]<\/p>\n","protected":false},"author":1,"featured_media":0,"parent":0,"menu_order":0,"comment_status":"closed","ping_status":"closed","template":"","meta":{"footnotes":""},"class_list":["post-49","page","type-page","status-publish","hentry"],"_links":{"self":[{"href":"https:\/\/papilio.com.pl\/index.php\/wp-json\/wp\/v2\/pages\/49","targetHints":{"allow":["GET"]}}],"collection":[{"href":"https:\/\/papilio.com.pl\/index.php\/wp-json\/wp\/v2\/pages"}],"about":[{"href":"https:\/\/papilio.com.pl\/index.php\/wp-json\/wp\/v2\/types\/page"}],"author":[{"embeddable":true,"href":"https:\/\/papilio.com.pl\/index.php\/wp-json\/wp\/v2\/users\/1"}],"replies":[{"embeddable":true,"href":"https:\/\/papilio.com.pl\/index.php\/wp-json\/wp\/v2\/comments?post=49"}],"version-history":[{"count":21,"href":"https:\/\/papilio.com.pl\/index.php\/wp-json\/wp\/v2\/pages\/49\/revisions"}],"predecessor-version":[{"id":496,"href":"https:\/\/papilio.com.pl\/index.php\/wp-json\/wp\/v2\/pages\/49\/revisions\/496"}],"wp:attachment":[{"href":"https:\/\/papilio.com.pl\/index.php\/wp-json\/wp\/v2\/media?parent=49"}],"curies":[{"name":"wp","href":"https:\/\/api.w.org\/{rel}","templated":true}]}}